{"id":440,"date":"2019-09-02T18:58:04","date_gmt":"2019-09-02T18:58:04","guid":{"rendered":"http:\/\/3.122.154.179\/?post_type=product&#038;p=440"},"modified":"2024-02-01T17:19:36","modified_gmt":"2024-02-01T17:19:36","slug":"icloud-removal","status":"publish","type":"product","link":"https:\/\/imeicheck.co\/de\/produkt\/icloud-removal\/","title":{"rendered":"iCloud-verwijdering"},"content":{"rendered":"<p>Der iCloud-Entfernungsdienst ist der <strong>am meisten nachgefragte<\/strong> <a href=\"https:\/\/imeicheck.co\/de\/produkt\/iphone-unlock\/\">iPhone-Entsperrdienst<\/a>, da viele iPhone-Benutzer ihr iCloud-Passwort vergessen. Ebenso k\u00f6nnten sie vergessen, die** <a href=\"https:\/\/imeicheck.co\/de\/produkt\/find-my-iphone\/\">Mein iPhone suchen<\/a> App zu deaktivieren!\"<\/p>\n<h2>Was ist die Aktivierungssperre?<\/h2>\n<p>Es handelt sich um eine neue Funktion, die von Apple eingef\u00fchrt wurde, um Ihr Ger\u00e4t (iPhone, iPad, iPod, Apple Watch \u231a\ufe0f) vor unbefugtem Zugriff zu sch\u00fctzen. <a href=\"https:\/\/imeicheck.co\/de\/produkt\/zwarte-lijst-check-pro\/\">verloren oder gestohlen<\/a>, da es verhindert, dass Dritte auf Ihr Ger\u00e4t zugreifen k\u00f6nnen, indem es <a href=\"https:\/\/imeicheck.co\/de\/produkt\/find-my-iphone\/\"><strong>Mein iPhone suchen<\/strong><\/a> App und gew\u00e4hrleistet die Sicherheit Ihrer Informationen, wenn sie aktiviert ist. Bitte beachten Sie, dass, wenn Sie Ihr Ger\u00e4t verkaufen, ohne sich zuerst aus Ihrem iCloud-Konto abzumelden, es weiterhin durch die Aktivierungssperre gesch\u00fctzt bleibt. Niemand wird es verwenden k\u00f6nnen, bis Sie sich damit anmelden <a href=\"https:\/\/www.apple.com\/\" target=\"_blank\" rel=\"noopener\">Apple<\/a> und das Kennwort, das Sie verwendet haben, als Sie es urspr\u00fcnglich eingerichtet haben <a href=\"https:\/\/imeicheck.co\/de\/create-apple-id\/\">Ihre Apple ID erstellt haben.<\/a>.<\/p>\n<p>&nbsp;<\/p>\n<p><img loading=\"lazy\" decoding=\"async\" class=\"aligncenter wp-image-13730 size-medium\" src=\"https:\/\/imeicheck.co\/wp-content\/uploads\/2019\/09\/3069721_circle_cloud_icloud_round-icon_icon-300x300.png\" alt=\"iCloud Removal - imeicheck.co\" width=\"300\" height=\"300\" title=\"\" srcset=\"https:\/\/imeicheck.co\/wp-content\/uploads\/2019\/09\/3069721_circle_cloud_icloud_round-icon_icon-300x300.png 300w, https:\/\/imeicheck.co\/wp-content\/uploads\/2019\/09\/3069721_circle_cloud_icloud_round-icon_icon-100x100.png 100w, https:\/\/imeicheck.co\/wp-content\/uploads\/2019\/09\/3069721_circle_cloud_icloud_round-icon_icon-150x150.png 150w, https:\/\/imeicheck.co\/wp-content\/uploads\/2019\/09\/3069721_circle_cloud_icloud_round-icon_icon-12x12.png 12w, https:\/\/imeicheck.co\/wp-content\/uploads\/2019\/09\/3069721_circle_cloud_icloud_round-icon_icon.png 512w\" sizes=\"(max-width: 300px) 100vw, 300px\" \/><\/p>\n<h2>Wie wird die iCloud-Entsperrung Ihnen helfen?<\/h2>\n<p>Der iCloud-Entfernungsdienst hilft Ihnen, Ihre Apple ID zu l\u00f6schen und die iCloud-Aktivierungssperre online aufzuheben, wenn Sie Ihr Passwort vergessen haben.<\/p>\n<h2><strong>Wie kann ich <a href=\"https:\/\/imeicheck.co\/de\/hoe-kan-ik-checken-of-mijn-iphone-icloud-icloud-lock-of-not-is\/\">vermeiden<\/a> den Kauf eines <span class=\"keyword _ngcontent-jue-95\" aria-hidden=\"false\">ein Aktivierungssperre beim iPhone vermeiden?<\/span><\/strong><\/h2>\n<p>Sie k\u00f6nnen <a href=\"https:\/\/imeicheck.co\/de\/produkt\/find-my-iphone\/\">\"Mein iPhone suchen\"-Dienst<\/a> verwenden, um zu \u00fcberpr\u00fcfen, ob Ihr Ger\u00e4t eine iCloud-Aktivierungssperre hat oder nicht.<\/p>\n<h2><strong>Was kann ich tun, wenn ich ein iCloud-gesperrtes Ger\u00e4t habe?\u00a0<\/strong><\/h2>\n<p>Wenn Sie beim Aktivierungssperre stecken geblieben sind, stellen Sie sicher, dass Ihr Ger\u00e4t einen SAUBEREN iCloud-Status hat, indem Sie unseren <a href=\"https:\/\/imeicheck.co\/de\/produkt\/icloud-check\/\">iCloud-Pr\u00fcfung<\/a> Dienst nutzen. Wenn Ihr Ger\u00e4t SAUBER ist, keine Sorge, k\u00f6nnen wir Ihre iCloud von Ihrem Ger\u00e4t mit diesem iCloud-Entfernungsdienst entfernen.<\/p>\n<h2><strong>Unterst\u00fctzte Ger\u00e4te f\u00fcr die iCloud-Entfernung?<\/strong><\/h2>\n<ul>\n<li>iPhone 15 \/ iPhone 15 Plus \/ iPhone 15 Pro \/ iPhone 15 Pro Max\u00a0 \u26a1\ufe0f\u26a1\ufe0f\u26a1\ufe0f (Now Available )<\/li>\n<li>iPhone 14 \/ iPhone 14 Plus \/ iPhone 14 Pro \/ iPhone 14 Pro Max \u26a1\ufe0f\u26a1\ufe0f<\/li>\n<li>iPhone 13 \/ 13 Mini \/ 13 Pro \/ 13 Pro Max<\/li>\n<li>iPhone 12 \/ 12 Mini \/ 12 Pro \/ 12 Pro Max<\/li>\n<li>iPhone 11 \/ 11 Pro \/ 11 Pro Max<\/li>\n<li>iPhone XS Max \/ XS \/ XR \/ X<\/li>\n<li>iPhone8 \/ 8 Plus \/ 7 \/ 7 Plus<\/li>\n<li>iPhone 6S \/ 6S Plus \/ 6 \/ 6 Plus, SE \/ 5S<\/li>\n<li>iPad Pro 10.5 \/ iPad Pro 11 inch<\/li>\n<li>iPad Pro 12.9 (3rd) \/ iPad Pro 12.9 (2nd) \/ iPad Air 10.3 (3rd) \/ iPad other models.<\/li>\n<li>iWatch S1\/S2\/S3\/S4.<\/li>\n<li>MacBook All Models<\/li>\n<\/ul>\n<p class=\"lead light translation-block\">Unser iCloud-Entsperrdienst wird die Aktivierungssperre von Ihrem Apple-Ger\u00e4t remote entfernen. Wir unterst\u00fctzen alle oben aufgef\u00fchrten Modelle \u261d\ufe0f. Nach dem Entsperren k\u00f6nnen Sie eine neue Apple ID ohne Einschr\u00e4nkungen, ohne Software und ohne Jailbreak verwenden. Ihr Ger\u00e4t wird v\u00f6llig normal funktionieren. Alles, was Sie brauchen, ist Ihre IMEI-Nummer mit einem SAUBEREN iCloud-Status.<\/p>\n<h1>H\u00e4ufig gestellte Fragen:<\/h1>\n<p>&nbsp;<\/p>\n<h3><strong>F: Was ist der iCloud-Entfernungsdienst?<\/strong><\/h3>\n<p>Der iCloud-Entfernungsdienst ist eine unverzichtbare L\u00f6sung f\u00fcr iPhone-Benutzer, die mit iCloud-bezogenen Problemen umgehen m\u00fcssen. Ob Sie Ihre Apple ID l\u00f6schen oder die iCloud-Aktivierungssperre online aufheben m\u00fcssen, dieser Dienst ist Ihr zuverl\u00e4ssiger Partner.<\/p>\n<h3><strong>F: Wie kann ich von iCloud-Entfernungsdienst profitieren?<\/strong><\/h3>\n<p>Durch die Verwendung unseres iCloud-Entfernungsdienstes k\u00f6nnen Sie die Kontrolle \u00fcber Ihr Ger\u00e4t zur\u00fcckerlangen, insbesondere wenn Sie Ihr Passwort vergessen haben. Wir bieten einen professionellen und effizienten Service. <strong>iCloud-Entsperrungsdienst online<\/strong> um Ihnen bei der Bew\u00e4ltigung von iCloud-Sperrproblemen zu helfen.<\/p>\n<h3><strong>F: Was ist die Aktivierungssperre, und warum ist sie wichtig?<\/strong><\/h3>\n<p>Die Aktivierungssperre ist eine entscheidende Sicherheitsfunktion, die von Apple eingef\u00fchrt wurde, um unbefugten Zugriff auf Ihr Ger\u00e4t zu verhindern, wenn es verloren oder gestohlen wurde. Sie kann nur mit Ihrer Apple ID und Ihrem Passwort deaktiviert werden. Das Verkaufen Ihres Ger\u00e4ts, ohne es zu deaktivieren, kann dank der Aktivierungssperre Ihre Informationen sch\u00fctzen.<\/p>\n<h3><strong>F: Kann ich dem iCloud-Entfernungsdienst f\u00fcr die iCloud-Entsperrung vertrauen?<\/strong><\/h3>\n<p>Ja, unser Dienst ist f\u00fcr seine Professionalit\u00e4t und Effektivit\u00e4t bekannt. Wir legen gro\u00dfen Wert auf Sicherheit und Zuverl\u00e4ssigkeit bei der iCloud-Sperr-Entfernung. Egal, ob es sich um die <a href=\"https:\/\/imeicheck.co\/de\/produkt\/iphone-imei-check\/\">iPhone-Entsperrung<\/a> iCloud-Dienst oder den Online-iCloud-Entsperrdienst handelt, Sie k\u00f6nnen sich darauf verlassen, dass wir die Aufgabe erledigen.<\/p>\n<p>Dar\u00fcber hinaus stehen wir zu unserem Engagement f\u00fcr die Kundenzufriedenheit. Wenn aus irgendeinem Grund Ihr Ger\u00e4t nicht entsperrt wird, k\u00f6nnen Sie sich darauf verlassen, dass wir eine 100%ige R\u00fcckerstattungsgarantie anbieten. Ihr Wohlbefinden liegt uns am Herzen, und wir m\u00f6chten sicherstellen, dass Sie eine risikofreie Erfahrung mit unserem Service haben.<\/p>\n<h3><strong>F: Wie kann ich mein iPhone mit Ihrem Service entsperren?<\/strong><\/h3>\n<p>Das Entsperren Ihres Ger\u00e4ts ist unkompliziert. Unser <strong>Online-iCloud-Entsperrdienst<\/strong> garantiert einen problemlosen Prozess. Folgen Sie einfach unseren sicheren und effizienten Schritten, um den Zugang zu Ihrem Ger\u00e4t wiederherzustellen. Die volle Funktionalit\u00e4t Ihres iPhones wird ohne Kompromisse wiederhergestellt.<\/p>\n<p><strong>Q: Is there a guarantee that an iCloud unlock service online will work for my device?<\/strong><\/p>\n<p>It&#8217;s important to understand that not all devices can be successfully unlocked. Success depends on several factors, such as the status of the device (<a href=\"https:\/\/imeicheck.co\/de\/produkt\/icloud-check\/\">clean or lost<\/a>), <a href=\"https:\/\/imeicheck.co\/de\/produkt\/verkocht-door-dekking-check\/\">the device&#8217;s case history<\/a>, and more.<\/p>\n<p>It&#8217;s reassuring to know that if, for any reason, your device cannot be unlocked, we offer a guarantee that includes a full refund after deducting nominal fees for the service. This ensures that you won&#8217;t experience any financial loss if the unlocking process is unsuccessful. Be sure to review the <a href=\"https:\/\/imeicheck.co\/de\/refund-policy\/\">refund policy<\/a> of the service you choose to fully understand the specific terms and conditions.&#8221;<\/p>\n<p><script type=\"application\/ld+json\">{\n    \"@context\": \"https:\\\/\\\/schema.org\",\n    \"@type\": \"FAQPage\",\n    \"mainEntity\": [\n        {\n            \"@type\": \"Question\",\n            \"name\": \"What can I do if I stuck with an iCloud-Locked Device?\\u00a0\",\n            \"acceptedAnswer\": {\n                \"@type\": \"Answer\",\n                \"text\": \"If you stuck with the Activation lock, make sure that your device has a CLEAN iCloud Status using our iCloud Check service if it's CLEAN, don't worry we can Remove Your iCloud from your device using this iCloud Removal service.\"\n            }\n        },\n        {\n            \"@type\": \"Question\",\n            \"name\": \"How can I avoid purchasing an Activation Locked iPhone?\",\n            \"acceptedAnswer\": {\n                \"@type\": \"Answer\",\n                \"text\": \"You can use Find My iPhone Service to check if your device has an iCloud Activation lock or not.\"\n            }\n        },\n        {\n            \"@type\": \"Question\",\n            \"name\": \"What is Activation Lock?\",\n            \"acceptedAnswer\": {\n                \"@type\": \"Answer\",\n                \"text\": \"It is a new feature introduced by Apple, to keep your device (iPhone , iPad, iPod, Apple Watch \\u231a\\ufe0f) safe from being lost or stolen, as it prevents any third-party from accessing your device through Find My iPhone App, to keep your information safe if it's only enabled. Please note that if you selling your device without signing out of your iCloud first, it will stay protected by the Activation Lock, and no one will be able to use it until you access it with your Apple ID and Password that you used when you previously set when you created your Apple ID.\"\n            }\n        },\n        {\n            \"@type\": \"Question\",\n            \"name\": \"How will the iCloud unlock help you?\",\n            \"acceptedAnswer\": {\n                \"@type\": \"Answer\",\n                \"text\": \"iCloud Removal service helps you to Delete Apple ID \\\/ Unlock iCloud Activation Lock online if you forgot your password.\"\n            }\n        }\n    ]\n}<\/script><!--FAQPage Code Generated by https:\/\/saijogeorge.com\/json-ld-schema-generator\/faq\/--><\/p>\n<p><!--FAQPage Code Generated by https:\/\/saijogeorge.com\/json-ld-schema-generator\/faq\/--><\/p>","protected":false},"excerpt":{"rendered":"<p>\u26a0\ufe0f Wir akzeptieren nur <strong>SAUBERE<\/strong> iCloud-Ger\u00e4te. <em>(Wenn Sie nicht wissen, ob Ihr Ger\u00e4t SAUBER oder VERLOREN ist? \u00dcberpr\u00fcfen Sie unsere)** <a href=\"https:\/\/imeicheck.co\/de\/produkt\/icloud-check\/\">iCloud Check Service<\/a>)<\/em><\/p>\n<p>\u26a0\ufe0f Es ist besser, Ihr Ger\u00e4t vom Netzwerk fernzuhalten, bis Sie die Entsperrung erhalten.<\/p>\n<p><strong>\u2705 100% Geld-zur\u00fcck-Garantie<\/strong><\/p>\n<p>\u2705 <strong>Keine Software oder Jailbreak erforderlich<\/strong><\/p>","protected":false},"featured_media":12309,"comment_status":"closed","ping_status":"closed","template":"","meta":[],"product_cat":[416],"product_tag":[153,64,63,161,65,159,160,157,158,154,155,156],"class_list":{"0":"post-440","1":"product","2":"type-product","3":"status-publish","4":"has-post-thumbnail","6":"product_cat-activation-lock-removal","7":"product_tag-activation-lock-removal","8":"product_tag-delete-apple-id","9":"product_tag-icloud-removal","10":"product_tag-icloud-removal-tool","11":"product_tag-icloud-unlock","12":"product_tag-icloud-unlock-bypass","13":"product_tag-official-icloud-unlock","14":"product_tag-remove-a-device-from-find-my-iphone","15":"product_tag-trusted-icloud-removal-service","16":"product_tag-unlock-icloud-activation-lock","17":"product_tag-unlock-icloud-activation-lock-removal-service","18":"product_tag-unlock-icloud-locked-iphones","20":"first","21":"instock","22":"sale","23":"shipping-taxable","24":"purchasable","25":"product-type-variable"},"_links":{"self":[{"href":"https:\/\/imeicheck.co\/de\/wp-json\/wp\/v2\/product\/440"}],"collection":[{"href":"https:\/\/imeicheck.co\/de\/wp-json\/wp\/v2\/product"}],"about":[{"href":"https:\/\/imeicheck.co\/de\/wp-json\/wp\/v2\/types\/product"}],"replies":[{"embeddable":true,"href":"https:\/\/imeicheck.co\/de\/wp-json\/wp\/v2\/comments?post=440"}],"wp:featuredmedia":[{"embeddable":true,"href":"https:\/\/imeicheck.co\/de\/wp-json\/wp\/v2\/media\/12309"}],"wp:attachment":[{"href":"https:\/\/imeicheck.co\/de\/wp-json\/wp\/v2\/media?parent=440"}],"wp:term":[{"taxonomy":"product_cat","embeddable":true,"href":"https:\/\/imeicheck.co\/de\/wp-json\/wp\/v2\/product_cat?post=440"},{"taxonomy":"product_tag","embeddable":true,"href":"https:\/\/imeicheck.co\/de\/wp-json\/wp\/v2\/product_tag?post=440"}],"curies":[{"name":"wp","href":"https:\/\/api.w.org\/{rel}","templated":true}]}}