{"id":49,"date":"2019-06-15T16:14:36","date_gmt":"2019-06-15T16:14:36","guid":{"rendered":"http:\/\/3.122.154.179\/product\/iphone-carrier-checker-full-info\/"},"modified":"2024-06-06T23:25:37","modified_gmt":"2024-06-06T23:25:37","slug":"iphone-imei-check","status":"publish","type":"product","link":"https:\/\/imeicheck.co\/de\/produkt\/iphone-imei-check\/","title":{"rendered":"iPhone IMEI Check Pro"},"content":{"rendered":"<p><span style=\"color: #000000;\">iPhone IMEI Check service gives you a full IMEI Info report instantly. <\/span><\/p>\n<h2><span style=\"color: #000000;\">Was ist die IMEI-Nummer? <\/span><\/h2>\n<p>IMEI is a unique 15 digit number for every mobile device it is a short name for <a href=\"https:\/\/en.wikipedia.org\/wiki\/International_Mobile_Equipment_Identity\" target=\"_blank\" rel=\"noopener\"><em>International\u00a0Mobile\u00a0Equipment\u00a0Identity <\/em><\/a>used to differentiate between each device. <span style=\"color: #000000;\">However, every number from these IMEI Numbers carries certain information like its model, color, warranty, storage, serial, and many other pieces of information. In addition, IMEI numbers are also used to prevent the reported lost or stolen devices from being accessed by any other network.<\/span><\/p>\n<h2><span style=\"color: #000000;\">What is iPhone IMEI Check? <\/span><\/h2>\n<p><span style=\"color: #000000;\">IMEI number check is a Full IMEI Info Report of information about your iPhone. After that, get your <a href=\"https:\/\/imeicheck.co\/de\/hoe-controleer-je-je-imei-nummer\/\">IMEI-Nummer<\/a> and start processing your order. Furthermore, iPhone IMEI Check report is straight forward, easy-to-understand, and it helps both buyer and seller from being scammed.<\/span><\/p>\n<h2>Beispiel Ergebnis f\u00fcr iPhone IMEI Check:<\/h2>\n<blockquote><p><img loading=\"lazy\" decoding=\"async\" class=\"alignnone\" title=\"iPhone IMEI-controle \" src=\"https:\/\/appleid.cdn-apple.com\/static\/deviceImages-10.0\/iPhone\/iPhone13,2-3b3b3c-dcdede\/online-nolocation_iphone__3x.png\" alt=\"iPhone IMEI-controle \" width=\"300\" height=\"480\" \/><br \/>\nModel Description: <span style=\"color: #ff0000;\">IPHONE 12 WHITE 64GB-BRA<\/span><br \/>\nModel: <span style=\"color: #ff0000;\">iPhone 13 64GB White A2403 Global<\/span><br \/>\nIMEI Number: <span style=\"color: #ff0000;\"><del>3520000000000<\/del><\/span><br \/>\nIMEI2 Number: <span style=\"color: #ff0000;\"><del>3520000000000<\/del><\/span><br \/>\nSerial Number: <span style=\"color: #ff0000;\">F17XXXXXXX<\/span><br \/>\nManufacture Date: <span style=\"color: #ff0000;\">11 Nov 2020<\/span><br \/>\nUnit Age: <span style=\"color: #ff0000;\">1 year<\/span><br \/>\nAssembled In: <span style=\"color: #ff0000;\">Foxconn Zhengzhou, China<\/span><br \/>\nActivation Status:\u00a0<span class=\"badge badge-pill badge-success\" style=\"color: #ff0000;\">ACTIVATED<\/span><br \/>\nWarranty Status: <span style=\"color: #ff0000;\">Apple Limited Warranty<\/span><br \/>\nCoverage Start Date: <span style=\"color: #ff0000;\">28 Jun 2021<\/span><br \/>\nEstimated Purchase Date: <span style=\"color: #ff0000;\">28 Jun 2021<\/span><br \/>\nPurchase Country: <span style=\"color: #ff0000;\">Brazil<\/span><br \/>\nTelephone Technical Support:\u00a0<span class=\"badge badge-pill badge-danger\" style=\"color: #ff0000;\">EXPIRED<\/span><br \/>\nRepairs and Service Coverage:\u00a0<span class=\"badge badge-pill badge-success\" style=\"color: #ff0000;\">ACTIVE<\/span><br \/>\nRepairs and Service Expiration Date: <span style=\"color: #ff0000;\">27 Jun 2022<\/span><br \/>\nRepairs and Service Expires In: <span style=\"color: #ff0000;\">229 days<\/span><br \/>\nAppleCare Eligible:\u00a0<span class=\"badge badge-pill badge-danger\" style=\"color: #ff0000;\">NO<\/span><br \/>\nValid Purchase Date:\u00a0<span class=\"badge badge-pill badge-success\" style=\"color: #ff0000;\">YES<\/span><br \/>\nRegistered Device:\u00a0<span class=\"badge badge-pill badge-success\" style=\"color: #ff0000;\">YES<\/span><br \/>\nActive Apple Repair:\u00a0<span class=\"badge badge-pill badge-success\" style=\"color: #ff0000;\">NO<\/span><br \/>\nReplaced by Apple:\u00a0<span class=\"badge badge-pill badge-success\" style=\"color: #ff0000;\">NO<\/span><br \/>\n<a href=\"https:\/\/imeicheck.co\/de\/how-do-i-know-if-my-iphone-is-new-refurbished-or-replacement\/\">Replacement<\/a> Device:\u00a0<span class=\"badge badge-pill badge-success\" style=\"color: #ff0000;\">NO<\/span><br \/>\nRefurbished:\u00a0<span class=\"badge badge-pill badge-success\" style=\"color: #ff0000;\">NO<\/span><br \/>\nDemo Unit:\u00a0<span class=\"badge badge-pill badge-success\" style=\"color: #ff0000;\">NO<\/span><br \/>\nObsolete Device:\u00a0<span class=\"badge badge-pill badge-success\" style=\"color: #ff0000;\">NO<\/span><br \/>\n<a href=\"https:\/\/www.apple.com\/legal\/sales-support\/applecare\/iphoneloancaen\/\" target=\"_blank\" rel=\"noopener\">Loaner<\/a> Device:\u00a0<span class=\"badge badge-pill badge-success\" style=\"color: #ff0000;\">NO<\/span><br \/>\n<a href=\"https:\/\/imeicheck.co\/de\/produkt\/find-my-iphone\/\">Mein iPhone suchen<\/a>:\u00a0<span class=\"badge badge-pill badge-danger\" style=\"color: #ff0000;\">ON<\/span><br \/>\niCloud Status:\u00a0<span class=\"badge badge-pill badge-success\" style=\"color: #ff0000;\">SAUBERE<\/span><br \/>\nBlacklist Status:\u00a0<span class=\"badge badge-pill badge-danger\" style=\"color: #ff0000;\">BLACKLISTED<\/span><br \/>\nBlacklist Records:\u00a0<span class=\"badge badge-pill badge-warning\" style=\"color: #ff0000;\">5<\/span><br \/>\nBlacklisted by: <span style=\"color: #ff0000;\">TIM CELULAR BRAZIL<\/span><br \/>\nBlacklisted on:\u00a0<span class=\"badge badge-pill badge-danger\" style=\"color: #ff0000;\">2021-08-15 04:07:16<\/span><br \/>\nBlacklisted Country: <span style=\"color: #ff0000;\">Brazil<\/span><br \/>\nRemoved by: <span style=\"color: #ff0000;\">TIM CELULAR BRAZIL<\/span><br \/>\nRemoved on:\u00a0<span class=\"badge badge-pill badge-success\" style=\"color: #ff0000;\">2021-08-19 07:15:53<\/span><br \/>\nRemoved Country: <span style=\"color: #ff0000;\">Brazil<\/span><br \/>\nBlacklisted by: <span style=\"color: #ff0000;\">TIM CELULAR BRAZIL<\/span><br \/>\nBlacklisted on:\u00a0<span class=\"badge badge-pill badge-danger\" style=\"color: #ff0000;\">2021-09-03 04:07:08<\/span><br \/>\nBlacklisted Country: <span style=\"color: #ff0000;\">Brazil<\/span><br \/>\nRemoved by: <span style=\"color: #ff0000;\">TIM CELULAR BRAZIL<\/span><br \/>\nRemoved on:\u00a0<span class=\"badge badge-pill badge-success\" style=\"color: #ff0000;\">2021-10-21 04:06:35<\/span><br \/>\nRemoved Country: <span style=\"color: #ff0000;\">Brazil<\/span><br \/>\nBlacklisted by: <span style=\"color: #ff0000;\">TIM CELULAR BRAZIL<\/span><br \/>\nBlacklisted on:\u00a0<span class=\"badge badge-pill badge-danger\" style=\"color: #ff0000;\">2021-11-04 04:06:41<\/span><br \/>\nBlacklisted Country: <span style=\"color: #ff0000;\">Brazil<\/span><br \/>\nLocked Carrier: <span style=\"color: #ff0000;\">Unlock<\/span><br \/>\nSIM-Lock Status:\u00a0<span class=\"badge badge-pill badge-success\" style=\"color: #ff0000;\">UNLOCKED<\/span><\/p><\/blockquote>\n<h2>iPhone IMEI Check Supported Models<\/h2>\n<ul>\n<li>iPad (Alle Modelle werden unterstu\u0308tzt)<\/li>\n<li>iPhone 15 \/ iPhone 15 Plus \/ iPhone 15 Pro \/ iPhone 15 Pro Max\u00a0 \u26a1\ufe0f\u26a1\ufe0f\u26a1\ufe0f<\/li>\n<li>iPhone 14 \/ iPhone 14 Plus \/ iPhone 14 Pro \/ iPhone 14 Pro Max<\/li>\n<li>iPhone 13 \/ iPhone 13 Mini \/iPhone 13 Pro \/ iPhone 13 Pro Max \u26a1\ufe0f\u26a1\ufe0f<\/li>\n<li>iPhone 12 \/ iPhone 12 Mini \/ iPhone Pro \/ iPhone Pro Max<\/li>\n<li>iPhone 11 \/ iPhone 11 Pro \/ iPhone 11 Pro Max<\/li>\n<li>iPhone XS Max \/ XS \/ XR \/ X \/ 8 \/ 8 Plus \/ 7 \/ 7 Plus \/ 6S \/ 6S Plus \/ 6 \/ SE \/ 5S \/ 5C \/ 5 \/ 4S \/ 4 \/ 3GS \/ 3G<\/li>\n<\/ul>\n<h2>Warum iPhone IMEI Check Service?<\/h2>\n<ol>\n<li>\u00dcberpru\u0308fen Sie den offiziellen Anbieter Ihres iPhone-Ger\u00e4ts, damit Sie die Kosten fu\u0308r das Entsperren einfach berechnen k\u00f6nnen.<\/li>\n<li>Kaufen Sie keine gesperrten Ger\u00e4te, falls Sie ein gebrauchtes iPhone kaufen. \u00dcber den SimLock-Status kann das Ger\u00e4t gesperrt oder entsperrt werden.<\/li>\n<li>Vermeiden Sie den Austausch oder die \u00dcberholung von Ger\u00e4ten durch den Status \"Ersetzt\". <a href=\"https:\/\/imeicheck.co\/de\/how-do-i-know-if-my-iphone-is-new-refurbished-or-replacement\/\">Replacement or Refurbished<\/a> devices through replaced status.<\/li>\n<li>Avert Out of Warranty devices through <a href=\"https:\/\/imeicheck.co\/de\/produkt\/apple-warranty-check\/\">Warranty Status<\/a>.<\/li>\n<li>Check your purchase date for your device or for the device you are willing to get.<\/li>\n<\/ol>\n<h2><strong>Weitere Informationen zu Ihrem technischen Unterstu\u0308tzungspaket:<\/strong><\/h2>\n<ul>\n<li>Der Status des technischen Telefonsupports: ist es aktiv oder nicht?<\/li>\n<li>Technical Support Expiration Date is the exact date.<\/li>\n<li>Technical Support Expires In, you will be able to know your device&#8217;s exact Technical Support expiration date.<\/li>\n<li>Reparaturen und Servicepaket: ist es aktiv oder nicht?<\/li>\n<li>Repairs and Service Expiration Date is the exact expiration date.<\/li>\n<li>Repairs and Service Expire In, in how many days should your repairs and service expire.<\/li>\n<\/ul>\n<h2>20 Best IMEI Check Results According To the IMEI<\/h2>\n<ul>\n<li>Model Description<\/li>\n<li>Color and Storage of the Device<\/li>\n<li>Serial Number<\/li>\n<li>Manufacture Date<\/li>\n<li><a href=\"https:\/\/iphoneimeicheck.info\/\" target=\"_blank\" rel=\"noopener\">Unit Age<\/a><\/li>\n<li>Activation Status<\/li>\n<li><a href=\"https:\/\/imeicheck.co\/de\/produkt\/apple-warranty-check\/\">Warranty Status<\/a><\/li>\n<li>Coverage Start Date<\/li>\n<li>Estimated Purchase Date<\/li>\n<li>Purchase Country<\/li>\n<li>Telephone Technical Support Expiration Date<\/li>\n<li>Repairs and Service Expiration Date<\/li>\n<li><a href=\"https:\/\/imeicheck.co\/de\/how-do-i-know-if-my-iphone-is-new-refurbished-or-replacement\/\">Replacement<\/a> Device Status<\/li>\n<li><a href=\"https:\/\/imeicheck.co\/de\/produkt\/icloud-check\/\">iCloud-Status<\/a><\/li>\n<li><a href=\"https:\/\/imeicheck.co\/de\/produkt\/zwarte-lijst-check-pro\/\">Blacklist Status<\/a><\/li>\n<li><a href=\"https:\/\/imeicheck.co\/de\/produkt\/zwarte-lijst-check\/\">Blacklist Records<\/a><\/li>\n<li><a href=\"https:\/\/imeicheck.co\/de\/produkt\/verkocht-door-dekking-check\/\">Blacklisted by which Country<\/a><\/li>\n<li>Blacklisted on which date<\/li>\n<li><a href=\"https:\/\/iphoneimeicheck.info\/\" target=\"_blank\" rel=\"noopener\">SIM-Lock Status<\/a><\/li>\n<li><a href=\"https:\/\/iphoneimeicheck.info\/\" target=\"_blank\" rel=\"noopener\">Locked on which Carrier<\/a><\/li>\n<\/ul>\n<p class=\" translation-block\">Der Dienst bietet Ihnen genaue Informationen zu Ihrem <a href=\"https:\/\/imeicheck.co\/how-can-i-check-if-my-iphone-is-icloud-locked-or-not\/\" target=\"_self\">iCloud-Status \/ Aktivierungssperrungsstatus <\/a> (Finde mein iPhone: OFF \/ ON). Au\u00dferdem erfahren Sie, ob die Aktivierungssperre aktiv ist oder nicht. Wenn Sie jedoch nicht weiterkommen, k\u00f6nnen wir Ihnen helfen, Ihre iCloud-Aktivierungssperre zu entfernen.<\/p>","protected":false},"excerpt":{"rendered":"<p>Get a comprehensive overview of your iPhone with our Instant iPhone IMEI Check Pro. This 5-in-1 service provides a detailed report including <a href=\"https:\/\/imeicheck.co\/de\/produkt\/apple-warranty-check\/\">Apple Warranty status<\/a>, <a href=\"https:\/\/imeicheck.co\/de\/produkt\/icloud-fmi-status-check\/\">FMI &amp; iCloud Status<\/a>, advanced <a href=\"https:\/\/imeicheck.co\/de\/produkt\/zwarte-lijst-check-pro\/\">iPhone Blacklist Check Pro<\/a>, SIMLock status, and locked carrier information. Simply submit your IMEI number, complete your payment, and receive your detailed report instantly in your email!<\/p>\n<p>\ud83d\udd25 #1 Best-Selling iPhone IMEI Check Service on the market!<br \/>\n\u2b50 Officially Sourced from the Apple Database<br \/>\n\u23f1 Instant IMEI Checker<br \/>\n\ud83d\udce7 Direct Email Delivery<br \/>\n\ud83d\udcb0 100% Money-Back Guarantee<\/p>","protected":false},"featured_media":3373,"comment_status":"closed","ping_status":"closed","template":"","meta":[],"product_cat":[450],"product_tag":[239,119,226,166,187,223,120,118,220,163,117,185,218,189,165,183,184,219,186,182,222,116,164,188,162,221,251,234,224],"class_list":{"0":"post-49","1":"product","2":"type-product","3":"status-publish","4":"has-post-thumbnail","6":"product_cat-rocket-imei","7":"product_tag-alternative-imei-checker","8":"product_tag-best-imei-checker","9":"product_tag-best-iphone-imei-checker","10":"product_tag-check-imei","11":"product_tag-check-imei-iphone","12":"product_tag-eimei24-alternative","13":"product_tag-free-imei-check","14":"product_tag-imei-check","15":"product_tag-imei-check-online","16":"product_tag-imei-checker","17":"product_tag-imei-info","18":"product_tag-imei-info-alternative","19":"product_tag-imei-iphone","20":"product_tag-imei-lookup","21":"product_tag-imei-status-check","22":"product_tag-imei24-alternative","23":"product_tag-imeipro-alternative","24":"product_tag-info-imei","25":"product_tag-iphone-checker","26":"product_tag-iphone-imei","27":"product_tag-iphone-imei-alternative","28":"product_tag-iphone-imei-check","29":"product_tag-iphone-imei-checker","30":"product_tag-iphone-imei-info","31":"product_tag-iphoneimei","32":"product_tag-iunlocker-alternative","33":"product_tag-iunlocker-imei-check","34":"product_tag-online-imei-check-pro","35":"product_tag-unlockr-alternative","37":"first","38":"instock","39":"sale","40":"featured","41":"virtual","42":"purchasable","43":"product-type-simple"},"_links":{"self":[{"href":"https:\/\/imeicheck.co\/de\/wp-json\/wp\/v2\/product\/49"}],"collection":[{"href":"https:\/\/imeicheck.co\/de\/wp-json\/wp\/v2\/product"}],"about":[{"href":"https:\/\/imeicheck.co\/de\/wp-json\/wp\/v2\/types\/product"}],"replies":[{"embeddable":true,"href":"https:\/\/imeicheck.co\/de\/wp-json\/wp\/v2\/comments?post=49"}],"wp:featuredmedia":[{"embeddable":true,"href":"https:\/\/imeicheck.co\/de\/wp-json\/wp\/v2\/media\/3373"}],"wp:attachment":[{"href":"https:\/\/imeicheck.co\/de\/wp-json\/wp\/v2\/media?parent=49"}],"wp:term":[{"taxonomy":"product_cat","embeddable":true,"href":"https:\/\/imeicheck.co\/de\/wp-json\/wp\/v2\/product_cat?post=49"},{"taxonomy":"product_tag","embeddable":true,"href":"https:\/\/imeicheck.co\/de\/wp-json\/wp\/v2\/product_tag?post=49"}],"curies":[{"name":"wp","href":"https:\/\/api.w.org\/{rel}","templated":true}]}}